{"id":4,"date":"2014-01-22T22:48:31","date_gmt":"2014-01-22T20:48:31","guid":{"rendered":"http:\/\/www.lied-united.de\/lu\/?page_id=4"},"modified":"2025-05-27T11:12:19","modified_gmt":"2025-05-27T09:12:19","slug":"ueber-uns","status":"publish","type":"page","link":"https:\/\/lied-united.de\/?page_id=4","title":{"rendered":"\u00dcber uns"},"content":{"rendered":"\n<figure class=\"wp-block-image\"><img loading=\"lazy\" decoding=\"async\" width=\"500\" height=\"346\" src=\"https:\/\/lied-united.de\/wp-content\/uploads\/2014\/01\/Lied-United-Logo-2008-web-os.jpg\" alt=\"Lied-United-Logo-2008-web-os\" class=\"wp-image-53\"\/><\/figure>\n\n\n\n<p><\/p>\n\n\n\n<p>Seit 2006 organisieren die drei K\u00f6lner Musiker Wolfgang A. Noethen, Robert Gasper und Markus Apitius die Konzertreihe &#8222;Lied United&#8220;.<\/p>\n\n\n\n<p>Die Einfl\u00fcsse auf die jeweils eigene Musik der Drei sind vielf\u00e4ltig, von den Sixties \u00fcber Indie bis zur Hamburger Schule und dar\u00fcber hinaus.<\/p>\n\n\n\n<p>Trotz oder gerade wegen dieser geschmacklichen Bandbreite sind &#8222;Lied United&#8220;-Konzerte immer spannend, da sie sich stilistisch nicht beschr\u00e4nken lassen. Alles geht, solange es eigen ist und eine Prise Indie-Charme verspr\u00fcht.<\/p>\n\n\n\n<p>An jedem Abend spielen 3 geladene Acts solo oder in kleiner Besetzung. Dadurch bleiben der Aufwand \u00fcberschaubar und die Umbaupausen kurz. Diese werde von Wolfgang A. Noethens eloquenter Moderation unterhaltsam \u00fcberbr\u00fcckt. So bleibt bleibt das Publikum durchg\u00e4ngig involviert, was sich in den vielen gro\u00dfartigen Sets der MusikerInnen spiegelt, die wir in den bisherigen Jahren erleben durften.<\/p>\n\n\n\n<p><a href=\"https:\/\/www.facebook.com\/liedunited\/\">Facebook<\/a><br><br><a href=\"https:\/\/www.instagram.com\/stories\/lied_united\/\">Instagram<\/a><\/p>\n\n\n\n<p><\/p>\n","protected":false},"excerpt":{"rendered":"<p>Seit 2006 organisieren die drei K\u00f6lner Musiker Wolfgang A. Noethen, Robert Gasper und Markus Apitius die Konzertreihe &#8222;Lied United&#8220;. Die Einfl\u00fcsse auf die jeweils eigene Musik der Drei sind vielf\u00e4ltig, von den Sixties \u00fcber Indie bis zur Hamburger Schule und dar\u00fcber hinaus. Trotz oder gerade wegen dieser geschmacklichen Bandbreite sind &#8222;Lied United&#8220;-Konzerte immer spannend, da &hellip; <a href=\"https:\/\/lied-united.de\/?page_id=4\" class=\"more-link\"><span class=\"screen-reader-text\">\u00dcber uns<\/span> weiterlesen<\/a><\/p>\n","protected":false},"author":1,"featured_media":0,"parent":0,"menu_order":0,"comment_status":"closed","ping_status":"closed","template":"","meta":{"footnotes":""},"class_list":["post-4","page","type-page","status-publish","hentry"],"yoast_head":"<!-- This site is optimized with the Yoast SEO plugin v27.5 - https:\/\/yoast.com\/product\/yoast-seo-wordpress\/ -->\n<title>\u00dcber uns - Lied United<\/title>\n<meta name=\"robots\" content=\"index, follow, max-snippet:-1, max-image-preview:large, max-video-preview:-1\" \/>\n<link rel=\"canonical\" href=\"https:\/\/lied-united.de\/?page_id=4\" \/>\n<meta property=\"og:locale\" content=\"de_DE\" \/>\n<meta property=\"og:type\" content=\"article\" \/>\n<meta property=\"og:title\" content=\"\u00dcber uns - Lied United\" \/>\n<meta property=\"og:description\" content=\"Seit 2006 organisieren die drei K\u00f6lner Musiker Wolfgang A. Noethen, Robert Gasper und Markus Apitius die Konzertreihe &#8222;Lied United&#8220;. Die Einfl\u00fcsse auf die jeweils eigene Musik der Drei sind vielf\u00e4ltig, von den Sixties \u00fcber Indie bis zur Hamburger Schule und dar\u00fcber hinaus. Trotz oder gerade wegen dieser geschmacklichen Bandbreite sind &#8222;Lied United&#8220;-Konzerte immer spannend, da &hellip; \u00dcber uns weiterlesen\" \/>\n<meta property=\"og:url\" content=\"https:\/\/lied-united.de\/?page_id=4\" \/>\n<meta property=\"og:site_name\" content=\"Lied United\" \/>\n<meta property=\"article:publisher\" content=\"http:\/\/www.facebook.com\/liedunited\" \/>\n<meta property=\"article:modified_time\" content=\"2025-05-27T09:12:19+00:00\" \/>\n<meta property=\"og:image\" content=\"https:\/\/lied-united.de\/wp-content\/uploads\/2014\/01\/Lied-United-Logo-2008-web-os.jpg\" \/>\n\t<meta property=\"og:image:width\" content=\"500\" \/>\n\t<meta property=\"og:image:height\" content=\"346\" \/>\n\t<meta property=\"og:image:type\" content=\"image\/jpeg\" \/>\n<meta name=\"twitter:card\" content=\"summary_large_image\" \/>\n<meta name=\"twitter:label1\" content=\"Gesch\u00e4tzte Lesezeit\" \/>\n\t<meta name=\"twitter:data1\" content=\"1\u00a0Minute\" \/>\n<script type=\"application\/ld+json\" class=\"yoast-schema-graph\">{\"@context\":\"https:\\\/\\\/schema.org\",\"@graph\":[{\"@type\":\"WebPage\",\"@id\":\"https:\\\/\\\/lied-united.de\\\/?page_id=4\",\"url\":\"https:\\\/\\\/lied-united.de\\\/?page_id=4\",\"name\":\"\u00dcber uns - Lied United\",\"isPartOf\":{\"@id\":\"https:\\\/\\\/lied-united.de\\\/#website\"},\"primaryImageOfPage\":{\"@id\":\"https:\\\/\\\/lied-united.de\\\/?page_id=4#primaryimage\"},\"image\":{\"@id\":\"https:\\\/\\\/lied-united.de\\\/?page_id=4#primaryimage\"},\"thumbnailUrl\":\"https:\\\/\\\/lied-united.de\\\/wp-content\\\/uploads\\\/2014\\\/01\\\/Lied-United-Logo-2008-web-os.jpg\",\"datePublished\":\"2014-01-22T20:48:31+00:00\",\"dateModified\":\"2025-05-27T09:12:19+00:00\",\"breadcrumb\":{\"@id\":\"https:\\\/\\\/lied-united.de\\\/?page_id=4#breadcrumb\"},\"inLanguage\":\"de\",\"potentialAction\":[{\"@type\":\"ReadAction\",\"target\":[\"https:\\\/\\\/lied-united.de\\\/?page_id=4\"]}]},{\"@type\":\"ImageObject\",\"inLanguage\":\"de\",\"@id\":\"https:\\\/\\\/lied-united.de\\\/?page_id=4#primaryimage\",\"url\":\"https:\\\/\\\/lied-united.de\\\/wp-content\\\/uploads\\\/2014\\\/01\\\/Lied-United-Logo-2008-web-os.jpg\",\"contentUrl\":\"https:\\\/\\\/lied-united.de\\\/wp-content\\\/uploads\\\/2014\\\/01\\\/Lied-United-Logo-2008-web-os.jpg\",\"width\":500,\"height\":346},{\"@type\":\"BreadcrumbList\",\"@id\":\"https:\\\/\\\/lied-united.de\\\/?page_id=4#breadcrumb\",\"itemListElement\":[{\"@type\":\"ListItem\",\"position\":1,\"name\":\"Startseite\",\"item\":\"https:\\\/\\\/lied-united.de\\\/\"},{\"@type\":\"ListItem\",\"position\":2,\"name\":\"\u00dcber uns\"}]},{\"@type\":\"WebSite\",\"@id\":\"https:\\\/\\\/lied-united.de\\\/#website\",\"url\":\"https:\\\/\\\/lied-united.de\\\/\",\"name\":\"Lied United\",\"description\":\"Die Reihe f\u00fcr akustisches Liedgut\",\"potentialAction\":[{\"@type\":\"SearchAction\",\"target\":{\"@type\":\"EntryPoint\",\"urlTemplate\":\"https:\\\/\\\/lied-united.de\\\/?s={search_term_string}\"},\"query-input\":{\"@type\":\"PropertyValueSpecification\",\"valueRequired\":true,\"valueName\":\"search_term_string\"}}],\"inLanguage\":\"de\"}]}<\/script>\n<!-- \/ Yoast SEO plugin. -->","yoast_head_json":{"title":"\u00dcber uns - Lied United","robots":{"index":"index","follow":"follow","max-snippet":"max-snippet:-1","max-image-preview":"max-image-preview:large","max-video-preview":"max-video-preview:-1"},"canonical":"https:\/\/lied-united.de\/?page_id=4","og_locale":"de_DE","og_type":"article","og_title":"\u00dcber uns - Lied United","og_description":"Seit 2006 organisieren die drei K\u00f6lner Musiker Wolfgang A. Noethen, Robert Gasper und Markus Apitius die Konzertreihe &#8222;Lied United&#8220;. Die Einfl\u00fcsse auf die jeweils eigene Musik der Drei sind vielf\u00e4ltig, von den Sixties \u00fcber Indie bis zur Hamburger Schule und dar\u00fcber hinaus. Trotz oder gerade wegen dieser geschmacklichen Bandbreite sind &#8222;Lied United&#8220;-Konzerte immer spannend, da &hellip; \u00dcber uns weiterlesen","og_url":"https:\/\/lied-united.de\/?page_id=4","og_site_name":"Lied United","article_publisher":"http:\/\/www.facebook.com\/liedunited","article_modified_time":"2025-05-27T09:12:19+00:00","og_image":[{"width":500,"height":346,"url":"https:\/\/lied-united.de\/wp-content\/uploads\/2014\/01\/Lied-United-Logo-2008-web-os.jpg","type":"image\/jpeg"}],"twitter_card":"summary_large_image","twitter_misc":{"Gesch\u00e4tzte Lesezeit":"1\u00a0Minute"},"schema":{"@context":"https:\/\/schema.org","@graph":[{"@type":"WebPage","@id":"https:\/\/lied-united.de\/?page_id=4","url":"https:\/\/lied-united.de\/?page_id=4","name":"\u00dcber uns - Lied United","isPartOf":{"@id":"https:\/\/lied-united.de\/#website"},"primaryImageOfPage":{"@id":"https:\/\/lied-united.de\/?page_id=4#primaryimage"},"image":{"@id":"https:\/\/lied-united.de\/?page_id=4#primaryimage"},"thumbnailUrl":"https:\/\/lied-united.de\/wp-content\/uploads\/2014\/01\/Lied-United-Logo-2008-web-os.jpg","datePublished":"2014-01-22T20:48:31+00:00","dateModified":"2025-05-27T09:12:19+00:00","breadcrumb":{"@id":"https:\/\/lied-united.de\/?page_id=4#breadcrumb"},"inLanguage":"de","potentialAction":[{"@type":"ReadAction","target":["https:\/\/lied-united.de\/?page_id=4"]}]},{"@type":"ImageObject","inLanguage":"de","@id":"https:\/\/lied-united.de\/?page_id=4#primaryimage","url":"https:\/\/lied-united.de\/wp-content\/uploads\/2014\/01\/Lied-United-Logo-2008-web-os.jpg","contentUrl":"https:\/\/lied-united.de\/wp-content\/uploads\/2014\/01\/Lied-United-Logo-2008-web-os.jpg","width":500,"height":346},{"@type":"BreadcrumbList","@id":"https:\/\/lied-united.de\/?page_id=4#breadcrumb","itemListElement":[{"@type":"ListItem","position":1,"name":"Startseite","item":"https:\/\/lied-united.de\/"},{"@type":"ListItem","position":2,"name":"\u00dcber uns"}]},{"@type":"WebSite","@id":"https:\/\/lied-united.de\/#website","url":"https:\/\/lied-united.de\/","name":"Lied United","description":"Die Reihe f\u00fcr akustisches Liedgut","potentialAction":[{"@type":"SearchAction","target":{"@type":"EntryPoint","urlTemplate":"https:\/\/lied-united.de\/?s={search_term_string}"},"query-input":{"@type":"PropertyValueSpecification","valueRequired":true,"valueName":"search_term_string"}}],"inLanguage":"de"}]}},"_links":{"self":[{"href":"https:\/\/lied-united.de\/index.php?rest_route=\/wp\/v2\/pages\/4","targetHints":{"allow":["GET"]}}],"collection":[{"href":"https:\/\/lied-united.de\/index.php?rest_route=\/wp\/v2\/pages"}],"about":[{"href":"https:\/\/lied-united.de\/index.php?rest_route=\/wp\/v2\/types\/page"}],"author":[{"embeddable":true,"href":"https:\/\/lied-united.de\/index.php?rest_route=\/wp\/v2\/users\/1"}],"replies":[{"embeddable":true,"href":"https:\/\/lied-united.de\/index.php?rest_route=%2Fwp%2Fv2%2Fcomments&post=4"}],"version-history":[{"count":7,"href":"https:\/\/lied-united.de\/index.php?rest_route=\/wp\/v2\/pages\/4\/revisions"}],"predecessor-version":[{"id":1415,"href":"https:\/\/lied-united.de\/index.php?rest_route=\/wp\/v2\/pages\/4\/revisions\/1415"}],"wp:attachment":[{"href":"https:\/\/lied-united.de\/index.php?rest_route=%2Fwp%2Fv2%2Fmedia&parent=4"}],"curies":[{"name":"wp","href":"https:\/\/api.w.org\/{rel}","templated":true}]}}